{"id":90,"date":"2019-04-04T13:26:04","date_gmt":"2019-04-04T13:26:04","guid":{"rendered":"http:\/\/verhaltenstherapie-luebeck.de\/?page_id=90"},"modified":"2019-04-04T14:40:47","modified_gmt":"2019-04-04T14:40:47","slug":"datenschutz","status":"publish","type":"page","link":"https:\/\/verhaltenstherapie-luebeck.de\/?page_id=90","title":{"rendered":"Datenschutz"},"content":{"rendered":"\n<p><strong>1.\u00a0\u00a0\u00a0 Welche personenbezogenen Daten werden erhoben?<\/strong><\/p>\n\n\n\n<p>Auf der Homepage werden keinerlei personenbezogene Daten erhoben.<br><\/p>\n\n\n\n<p><strong>2.&nbsp;&nbsp;&nbsp; Welche Informationen werden noch erfasst?<\/strong><br><\/p>\n\n\n\n<p>Beim Aufruf der Webseite wird Ihre IP-Adresse mit dem Zeitpunkt und Inhalt Ihres Abrufs sowie die zuvor besuchte Webseite einschlie\u00dflich der \u00fcbertragenen Datenmenge und der Meldung, ob der Abruf erfolgreich war, erfasst. Die vor\u00fcbergehende Speicherung der IP-Adresse erfolgt, um die Funktionsf\u00e4higkeit der Webseite sicherzustellen. Diese Daten werden nach Ende des Zugriffs auf die Webseite gel\u00f6scht, weil mit der Erreichung des Zweckes die Erhebung nicht mehr erforderlich ist (Art. 6 Absatz 1 Satz 1 lit f. DSGVO).<br><\/p>\n\n\n\n<p><strong>3.<\/strong>&nbsp;&nbsp;&nbsp;&nbsp;<strong>Auf welche Weise werden Daten erfasst?<\/strong><br><\/p>\n\n\n\n<p>Die Daten, die bei jedem Zugriff der Seite erhoben werden, werden automatisch protokolliert; ansonsten nur aufgrund Ihrer Eingabe und beim Bestellservice durch einen tempor\u00e4ren Cookie.<br><\/p>\n\n\n\n<p><strong>4.<\/strong>&nbsp;&nbsp;&nbsp;&nbsp;<strong>Wof\u00fcr werden die Daten genutzt?<\/strong><br>Die Daten werden ausschlie\u00dflich zur Bereitstellung, Optimierung und Sicherheit des Internetangebots genutzt. Mit Ihrer Einwilligung werden Ihre Daten nur zur Entgegennahme Ihrer Mitteilung (z.B. bei der Terminbuchung) oder zur Abwicklung Ihrer Bestellung genutzt.<br>&nbsp;<br><strong>5.<\/strong>&nbsp;&nbsp;&nbsp;&nbsp;<strong>Die Daten werden nicht genutzt\u2026<\/strong><br>zur Profilbildung, zu Werbezwecken. Es erfolgt keine Weitergabe der Daten an Dritte.<br>&nbsp;<br><strong>6.<\/strong>&nbsp;&nbsp;&nbsp;&nbsp;<strong>Welche Rechte haben Besucher der Homepage?<\/strong><br><\/p>\n\n\n\n<p>Auskunft, L\u00f6schung, Berichtigung, Widerspruch. Ihre Rechte k\u00f6nnen Sie schriftlich oder per E-Mail gegen\u00fcber der im Impressum genannten Stelle geltend machen.<br>Ungeachtet dessen haben Sie das Recht auf Beschwerde bei einer Aufsichtsbeh\u00f6rde ihres Aufenthaltsorts, ihres Arbeitsplatzes oder des Orts der mutma\u00dflichen Datenschutzverletzung, wenn Sie der Ansicht sind, dass die Verarbeitung der Sie betreffenden personenbezogenen Daten gegen die Datenschutzgrundverordnung verst\u00f6\u00dft. Die Kontakt-daten der Landesdatenschutzbeauftragten finden Sie auf der Internetseite des Bundes-beauftragten f\u00fcr Datenschutz.<\/p>\n","protected":false},"excerpt":{"rendered":"<p>1.\u00a0\u00a0\u00a0 Welche personenbezogenen Daten werden erhoben? Auf der Homepage werden keinerlei personenbezogene Daten erhoben. 2.&nbsp;&nbsp;&nbsp; Welche Informationen werden noch erfasst? Beim Aufruf der Webseite wird Ihre IP-Adresse mit dem Zeitpunkt und Inhalt Ihres Abrufs sowie die zuvor besuchte Webseite einschlie\u00dflich der \u00fcbertragenen Datenmenge und der Meldung, ob der Abruf erfolgreich war, erfasst. Die vor\u00fcbergehende Speicherung &hellip; <\/p>\n<p class=\"link-more\"><a href=\"https:\/\/verhaltenstherapie-luebeck.de\/?page_id=90\" class=\"more-link\"><span class=\"screen-reader-text\">\u201eDatenschutz\u201c<\/span> weiterlesen<\/a><\/p>\n","protected":false},"author":1,"featured_media":0,"parent":0,"menu_order":0,"comment_status":"closed","ping_status":"closed","template":"","meta":{"footnotes":""},"class_list":["post-90","page","type-page","status-publish","hentry"],"_links":{"self":[{"href":"https:\/\/verhaltenstherapie-luebeck.de\/index.php?rest_route=\/wp\/v2\/pages\/90","targetHints":{"allow":["GET"]}}],"collection":[{"href":"https:\/\/verhaltenstherapie-luebeck.de\/index.php?rest_route=\/wp\/v2\/pages"}],"about":[{"href":"https:\/\/verhaltenstherapie-luebeck.de\/index.php?rest_route=\/wp\/v2\/types\/page"}],"author":[{"embeddable":true,"href":"https:\/\/verhaltenstherapie-luebeck.de\/index.php?rest_route=\/wp\/v2\/users\/1"}],"replies":[{"embeddable":true,"href":"https:\/\/verhaltenstherapie-luebeck.de\/index.php?rest_route=%2Fwp%2Fv2%2Fcomments&post=90"}],"version-history":[{"count":4,"href":"https:\/\/verhaltenstherapie-luebeck.de\/index.php?rest_route=\/wp\/v2\/pages\/90\/revisions"}],"predecessor-version":[{"id":119,"href":"https:\/\/verhaltenstherapie-luebeck.de\/index.php?rest_route=\/wp\/v2\/pages\/90\/revisions\/119"}],"wp:attachment":[{"href":"https:\/\/verhaltenstherapie-luebeck.de\/index.php?rest_route=%2Fwp%2Fv2%2Fmedia&parent=90"}],"curies":[{"name":"wp","href":"https:\/\/api.w.org\/{rel}","templated":true}]}}