{"id":84,"date":"2019-04-04T13:24:36","date_gmt":"2019-04-04T13:24:36","guid":{"rendered":"http:\/\/verhaltenstherapie-luebeck.de\/?page_id=84"},"modified":"2019-04-05T16:52:17","modified_gmt":"2019-04-05T16:52:17","slug":"kontakt","status":"publish","type":"page","link":"https:\/\/verhaltenstherapie-luebeck.de\/?page_id=84","title":{"rendered":"Kontakt"},"content":{"rendered":"\n<p>Praxis f\u00fcr Psychotherapie<br>K\u00f6nigstr. 58<br>23552 L\u00fcbeck<\/p>\n\n\n\n<p>Telefon 0451 7073410<br><\/p>\n","protected":false},"excerpt":{"rendered":"<p>Praxis f\u00fcr PsychotherapieK\u00f6nigstr. 5823552 L\u00fcbeck Telefon 0451 7073410<\/p>\n","protected":false},"author":1,"featured_media":0,"parent":0,"menu_order":0,"comment_status":"closed","ping_status":"closed","template":"","meta":{"footnotes":""},"class_list":["post-84","page","type-page","status-publish","hentry"],"_links":{"self":[{"href":"https:\/\/verhaltenstherapie-luebeck.de\/index.php?rest_route=\/wp\/v2\/pages\/84","targetHints":{"allow":["GET"]}}],"collection":[{"href":"https:\/\/verhaltenstherapie-luebeck.de\/index.php?rest_route=\/wp\/v2\/pages"}],"about":[{"href":"https:\/\/verhaltenstherapie-luebeck.de\/index.php?rest_route=\/wp\/v2\/types\/page"}],"author":[{"embeddable":true,"href":"https:\/\/verhaltenstherapie-luebeck.de\/index.php?rest_route=\/wp\/v2\/users\/1"}],"replies":[{"embeddable":true,"href":"https:\/\/verhaltenstherapie-luebeck.de\/index.php?rest_route=%2Fwp%2Fv2%2Fcomments&post=84"}],"version-history":[{"count":3,"href":"https:\/\/verhaltenstherapie-luebeck.de\/index.php?rest_route=\/wp\/v2\/pages\/84\/revisions"}],"predecessor-version":[{"id":156,"href":"https:\/\/verhaltenstherapie-luebeck.de\/index.php?rest_route=\/wp\/v2\/pages\/84\/revisions\/156"}],"wp:attachment":[{"href":"https:\/\/verhaltenstherapie-luebeck.de\/index.php?rest_route=%2Fwp%2Fv2%2Fmedia&parent=84"}],"curies":[{"name":"wp","href":"https:\/\/api.w.org\/{rel}","templated":true}]}}