{"id":66,"date":"2019-04-04T13:12:01","date_gmt":"2019-04-04T13:12:01","guid":{"rendered":"http:\/\/verhaltenstherapie-luebeck.de\/?page_id=66"},"modified":"2019-04-04T13:12:01","modified_gmt":"2019-04-04T13:12:01","slug":"bulimie","status":"publish","type":"page","link":"https:\/\/verhaltenstherapie-luebeck.de\/?page_id=66","title":{"rendered":"Bulimie"},"content":{"rendered":"\n<p>Die Bulimie (wissenschaftlich &#8222;Bulimia nervosa&#8220;) wird umgangs-sprachlich auch als &#8222;Ess-\/Brechsucht&#8220; bezeichnet. Kennzeichen der Bulimie sind wiederkehrende Essanf\u00e4lle, bei denen die Betroffenen innerhalb kurzer Zeit gro\u00dfe Mengen an Nahrung zu sich nehmen. W\u00e4hrend eines solchen Essanfalls erlebt die Person meist das Gef\u00fchl, keine Kontrolle mehr \u00fcber das Essen zu haben. Auf die \u00fcberm\u00e4\u00dfige Nahrungsaufnahme folgt in der Regel eine kompensatorische Ma\u00dfnahme, mit dem Ziel, die bef\u00fcrchtete Gewichtssteigerung zu verhindern. Die h\u00e4ufigsten Formen von Gegenma\u00dfnahmen sind Erbrechen, Di\u00e4thalten, \u00fcberm\u00e4\u00dfiges Sporttreiben sowie die Einnahme abf\u00fchrender oder entw\u00e4ssernder Medikamente.<br>\nViele Betroffene berichten, nach einer Di\u00e4t unabsichtlich in das bulimische Essverhalten gerutscht zu sein. Der Beginn liegt dabei h\u00e4ufig im fr\u00fchen Erwachsenenalter. Wenngleich die Zahl der essgest\u00f6rten M\u00e4nner stetig steigt, handelt es sich bei den Betroffenen doch meist um Frauen mit Normalgewicht. Bekannt ist, dass 1 bis 3% aller Frauen unter Bulimie leiden, wobei die Dunkelziffer vermutlich sehr viel h\u00f6her liegt. Bei anhaltender Symptomatik wird das Selbstwertgef\u00fchl zunehmend mehr an Figur und Gewicht gekn\u00fcpft. Da diese in der Regel nicht den \u00fcberh\u00f6hten Erwartungen entsprechen, ist meist ein massiver Verlust des Selbstwertgef\u00fchls sowie daraus resultierende depressive Zust\u00e4nde die Folge.<\/p>\n","protected":false},"excerpt":{"rendered":"<p>Die Bulimie (wissenschaftlich &#8222;Bulimia nervosa&#8220;) wird umgangs-sprachlich auch als &#8222;Ess-\/Brechsucht&#8220; bezeichnet. Kennzeichen der Bulimie sind wiederkehrende Essanf\u00e4lle, bei denen die Betroffenen innerhalb kurzer Zeit gro\u00dfe Mengen an Nahrung zu sich nehmen. W\u00e4hrend eines solchen Essanfalls erlebt die Person meist das Gef\u00fchl, keine Kontrolle mehr \u00fcber das Essen zu haben. Auf die \u00fcberm\u00e4\u00dfige Nahrungsaufnahme folgt in &hellip; <\/p>\n<p class=\"link-more\"><a href=\"https:\/\/verhaltenstherapie-luebeck.de\/?page_id=66\" class=\"more-link\"><span class=\"screen-reader-text\">\u201eBulimie\u201c<\/span> weiterlesen<\/a><\/p>\n","protected":false},"author":1,"featured_media":0,"parent":0,"menu_order":0,"comment_status":"closed","ping_status":"closed","template":"","meta":{"footnotes":""},"class_list":["post-66","page","type-page","status-publish","hentry"],"_links":{"self":[{"href":"https:\/\/verhaltenstherapie-luebeck.de\/index.php?rest_route=\/wp\/v2\/pages\/66","targetHints":{"allow":["GET"]}}],"collection":[{"href":"https:\/\/verhaltenstherapie-luebeck.de\/index.php?rest_route=\/wp\/v2\/pages"}],"about":[{"href":"https:\/\/verhaltenstherapie-luebeck.de\/index.php?rest_route=\/wp\/v2\/types\/page"}],"author":[{"embeddable":true,"href":"https:\/\/verhaltenstherapie-luebeck.de\/index.php?rest_route=\/wp\/v2\/users\/1"}],"replies":[{"embeddable":true,"href":"https:\/\/verhaltenstherapie-luebeck.de\/index.php?rest_route=%2Fwp%2Fv2%2Fcomments&post=66"}],"version-history":[{"count":1,"href":"https:\/\/verhaltenstherapie-luebeck.de\/index.php?rest_route=\/wp\/v2\/pages\/66\/revisions"}],"predecessor-version":[{"id":68,"href":"https:\/\/verhaltenstherapie-luebeck.de\/index.php?rest_route=\/wp\/v2\/pages\/66\/revisions\/68"}],"wp:attachment":[{"href":"https:\/\/verhaltenstherapie-luebeck.de\/index.php?rest_route=%2Fwp%2Fv2%2Fmedia&parent=66"}],"curies":[{"name":"wp","href":"https:\/\/api.w.org\/{rel}","templated":true}]}}