{"id":63,"date":"2019-04-04T13:11:38","date_gmt":"2019-04-04T13:11:38","guid":{"rendered":"http:\/\/verhaltenstherapie-luebeck.de\/?page_id=63"},"modified":"2019-04-04T13:11:38","modified_gmt":"2019-04-04T13:11:38","slug":"essstoerungen-bei-uebergewicht","status":"publish","type":"page","link":"https:\/\/verhaltenstherapie-luebeck.de\/?page_id=63","title":{"rendered":"Essst\u00f6rungen bei \u00dcbergewicht"},"content":{"rendered":"\n<p>F\u00fcr \u00dcbergewicht (wissenschaftlich &#8222;Adipositas&#8220;) ist in den meisten F\u00e4llen das Essverhalten verantwortlich. Ung\u00fcnstige Gewohnheiten in Form des Essens von gro\u00dfen Mahlzeiten, einer \u00fcberm\u00e4\u00dfigen Aufnahme fetthaltiger Nahrungsmittel oder eines h\u00e4ufigen Naschens in kurzen Abst\u00e4nden sind nur ein Teil der Problematik. In vielen F\u00e4llen h\u00e4lt vor allem die Funktionalit\u00e4t des Essens das \u00dcbergewicht aufrecht. Dies ist immer dann der Fall, wenn die Nahrungsaufnahme nicht durch das Hungergef\u00fchl ausgel\u00f6st wird, sondern durch das Vorhandensein von negativen Gef\u00fchlszust\u00e4nden wie Langeweile, Traurigkeit, \u00c4rger oder Stress motiviert ist. Diese Gef\u00fchle werden durch das Essen und die damit verbundene Ablenkung ged\u00e4mpft. Die Folge ist, dass langfristig g\u00fcnstigere Probleml\u00f6sestrategien entweder \u00fcberhaupt nicht aufgebaut oder in zunehmendem Ma\u00dfe verlernt werden.<\/p>\n","protected":false},"excerpt":{"rendered":"<p>F\u00fcr \u00dcbergewicht (wissenschaftlich &#8222;Adipositas&#8220;) ist in den meisten F\u00e4llen das Essverhalten verantwortlich. Ung\u00fcnstige Gewohnheiten in Form des Essens von gro\u00dfen Mahlzeiten, einer \u00fcberm\u00e4\u00dfigen Aufnahme fetthaltiger Nahrungsmittel oder eines h\u00e4ufigen Naschens in kurzen Abst\u00e4nden sind nur ein Teil der Problematik. In vielen F\u00e4llen h\u00e4lt vor allem die Funktionalit\u00e4t des Essens das \u00dcbergewicht aufrecht. Dies ist immer &hellip; <\/p>\n<p class=\"link-more\"><a href=\"https:\/\/verhaltenstherapie-luebeck.de\/?page_id=63\" class=\"more-link\"><span class=\"screen-reader-text\">\u201eEssst\u00f6rungen bei \u00dcbergewicht\u201c<\/span> weiterlesen<\/a><\/p>\n","protected":false},"author":1,"featured_media":0,"parent":0,"menu_order":0,"comment_status":"closed","ping_status":"closed","template":"","meta":{"footnotes":""},"class_list":["post-63","page","type-page","status-publish","hentry"],"_links":{"self":[{"href":"https:\/\/verhaltenstherapie-luebeck.de\/index.php?rest_route=\/wp\/v2\/pages\/63","targetHints":{"allow":["GET"]}}],"collection":[{"href":"https:\/\/verhaltenstherapie-luebeck.de\/index.php?rest_route=\/wp\/v2\/pages"}],"about":[{"href":"https:\/\/verhaltenstherapie-luebeck.de\/index.php?rest_route=\/wp\/v2\/types\/page"}],"author":[{"embeddable":true,"href":"https:\/\/verhaltenstherapie-luebeck.de\/index.php?rest_route=\/wp\/v2\/users\/1"}],"replies":[{"embeddable":true,"href":"https:\/\/verhaltenstherapie-luebeck.de\/index.php?rest_route=%2Fwp%2Fv2%2Fcomments&post=63"}],"version-history":[{"count":1,"href":"https:\/\/verhaltenstherapie-luebeck.de\/index.php?rest_route=\/wp\/v2\/pages\/63\/revisions"}],"predecessor-version":[{"id":65,"href":"https:\/\/verhaltenstherapie-luebeck.de\/index.php?rest_route=\/wp\/v2\/pages\/63\/revisions\/65"}],"wp:attachment":[{"href":"https:\/\/verhaltenstherapie-luebeck.de\/index.php?rest_route=%2Fwp%2Fv2%2Fmedia&parent=63"}],"curies":[{"name":"wp","href":"https:\/\/api.w.org\/{rel}","templated":true}]}}