{"id":52,"date":"2019-04-04T13:05:46","date_gmt":"2019-04-04T13:05:46","guid":{"rendered":"http:\/\/verhaltenstherapie-luebeck.de\/?page_id=52"},"modified":"2019-04-04T13:05:46","modified_gmt":"2019-04-04T13:05:46","slug":"soziale-phobie","status":"publish","type":"page","link":"https:\/\/verhaltenstherapie-luebeck.de\/?page_id=52","title":{"rendered":"Soziale Phobie"},"content":{"rendered":"\n<p><strong>Erscheinungsbild<\/strong><\/p>\n\n\n\n<p>Soziale Phobien sind \u00fcberm\u00e4\u00dfige \u00c4ngste im Umgang mit anderen Menschen, die mit Angst vor Blamage, Ablehnung, Verachtung, Spott, Aggressionen oder Verweigerung zu tun hat. Die Phobie kann sich auf eng umschriebene Einzelsituationen beziehen (z.B. Angst in der \u00d6ffentlichkeit zu schreiben, Getr\u00e4nke einzuschenken oder Suppe zu l\u00f6ffeln, weil die Hand zittert) oder aber generalisiert sein (allgemeine \u00c4ngstlichkeit und Unsicherheit im Kontakt mit anderen Menschen). In diesem Fall f\u00fchrt die Phobie in der Regel dazu, dass die Betroffenen sehr zur\u00fcckhaltend und schweigsam sind, zustimmen, obwohl sie eigentlich nicht wollen und sich insgesamt auf Kosten eigener Bed\u00fcrfnisse zu sehr anpassen. Manchmal ist die innere Not f\u00fcr andere Menschen gar nicht erkennbar und die Zur\u00fcckhaltung wird als Arroganz oder Desinteresse fehlgedeutet. Oft kommt es dann zur \u201eselbsterf\u00fcllenden Prophezeiung\u201c der Annahmen, f\u00fcr andere uninteressant zu sein oder nichts zu sagen zu haben, wenn das soziale Vermeidungsverhalten zu einer tats\u00e4chlichen Ausgrenzung f\u00fchrt. In manchen F\u00e4llen fehlen auch soziale Kompetenzen, d.h. die Betroffen wissen nicht, wie sie sich im Umgang mit anderen angemessen \u00e4u\u00dfern und verhalten sollen und haben wenig Bewusstsein dar\u00fcber, welche Wirkungen sie mit unterschiedlichen Verhaltensweisen erzielen k\u00f6nnen. Soziale Phobien bedeuten oft erhebliches Leid f\u00fcr die Betroffenen, weil der Selbstwert in Frage steht, eigene Bed\u00fcrfnisse zur\u00fcckgestellt werden und Einsamkeit vorherrscht. H\u00e4ufig sind Depressionen oder Alkoholmissbrauch die Folge.<\/p>\n\n\n\n<p>H\u00e4ufige sozialphobische \u00c4ngste sind beispielsweise:<\/p>\n\n\n\n<ul class=\"wp-block-list\"><li>Redeangst<\/li><li>Angst vor Autorit\u00e4tspersonen<\/li><li>Angst vor Err\u00f6ten\/Zittern\/Schwitzen in der \u00d6ffentlichkeit<\/li><li>Schwierigkeiten Nein zu sagen<\/li><li>Schwierigkeiten, Bed\u00fcrfnisse zu \u00e4u\u00dfern<\/li><li>Unf\u00e4higkeit sich zur Wehr zu setzen<\/li><li>Kontaktangst<\/li><li>Angst vor Paarbeziehungen<\/li><\/ul>\n\n\n\n<p><strong>Ursachen<\/strong><\/p>\n\n\n\n<p>Ursachen f\u00fcr soziale \u00c4ngste liegen oft in der Kindheit begr\u00fcndet. Famili\u00e4re und\/oder schulische Umst\u00e4nde, welche Selbstzweifel, \u00dcberanpassung und Unselbstst\u00e4ndigkeit beg\u00fcnstigen, finden sich geh\u00e4uft in der Lebensgeschichte Betroffener. Durch das Vermeiden bestimmter sozialer Situationen verfestigt sich die Angst. Hinzu kommen unkontrollierbare physiologische Reaktionen (z.B. Err\u00f6ten, Zittern, Schwitzen), die das Problem versch\u00e4rfen k\u00f6nnen.<\/p>\n\n\n\n<p><strong>Behandlung<\/strong><\/p>\n\n\n\n<p>Grundlage der Behandlung ist das im Zuge der Diagnostik gewonnene individuelle Erkl\u00e4rungsmodell f\u00fcr die Entstehung und Aufrechterhaltung der Problematik. Dieses wird ebenso wie das therapeutische Vorgehen zun\u00e4chst genau besprochen.<\/p>\n\n\n\n<p>Die Therapie ist in der Regel eine Mischung aus sogenannten kognitiven Interventionen, einem Training sozialer Kompetenz und Konfrontations\u00fcbungen. Bei den kognitiven Interventionen geht es darum, das Selbstbild positiv zu ver\u00e4ndern und Fehlannahmen in bezug auf die eigene Au\u00dfenwirkung zu korrigieren. Soziale Kompetenz wird vermittelt, indem sozial positiv wirksame Verhaltensweisen erarbeitet, ausprobiert und einge\u00fcbt werden. Konfrontations\u00fcbungen erm\u00f6glichen positive Erfahrungen, die die Bef\u00fcrchtungen widerlegen und so Selbstvertrauen und Handlungsf\u00e4higkeit (zur\u00fcck)geben.<\/p>\n","protected":false},"excerpt":{"rendered":"<p>Erscheinungsbild Soziale Phobien sind \u00fcberm\u00e4\u00dfige \u00c4ngste im Umgang mit anderen Menschen, die mit Angst vor Blamage, Ablehnung, Verachtung, Spott, Aggressionen oder Verweigerung zu tun hat. Die Phobie kann sich auf eng umschriebene Einzelsituationen beziehen (z.B. Angst in der \u00d6ffentlichkeit zu schreiben, Getr\u00e4nke einzuschenken oder Suppe zu l\u00f6ffeln, weil die Hand zittert) oder aber generalisiert sein &hellip; <\/p>\n<p class=\"link-more\"><a href=\"https:\/\/verhaltenstherapie-luebeck.de\/?page_id=52\" class=\"more-link\"><span class=\"screen-reader-text\">\u201eSoziale Phobie\u201c<\/span> weiterlesen<\/a><\/p>\n","protected":false},"author":1,"featured_media":0,"parent":0,"menu_order":0,"comment_status":"closed","ping_status":"closed","template":"","meta":{"footnotes":""},"class_list":["post-52","page","type-page","status-publish","hentry"],"_links":{"self":[{"href":"https:\/\/verhaltenstherapie-luebeck.de\/index.php?rest_route=\/wp\/v2\/pages\/52","targetHints":{"allow":["GET"]}}],"collection":[{"href":"https:\/\/verhaltenstherapie-luebeck.de\/index.php?rest_route=\/wp\/v2\/pages"}],"about":[{"href":"https:\/\/verhaltenstherapie-luebeck.de\/index.php?rest_route=\/wp\/v2\/types\/page"}],"author":[{"embeddable":true,"href":"https:\/\/verhaltenstherapie-luebeck.de\/index.php?rest_route=\/wp\/v2\/users\/1"}],"replies":[{"embeddable":true,"href":"https:\/\/verhaltenstherapie-luebeck.de\/index.php?rest_route=%2Fwp%2Fv2%2Fcomments&post=52"}],"version-history":[{"count":1,"href":"https:\/\/verhaltenstherapie-luebeck.de\/index.php?rest_route=\/wp\/v2\/pages\/52\/revisions"}],"predecessor-version":[{"id":54,"href":"https:\/\/verhaltenstherapie-luebeck.de\/index.php?rest_route=\/wp\/v2\/pages\/52\/revisions\/54"}],"wp:attachment":[{"href":"https:\/\/verhaltenstherapie-luebeck.de\/index.php?rest_route=%2Fwp%2Fv2%2Fmedia&parent=52"}],"curies":[{"name":"wp","href":"https:\/\/api.w.org\/{rel}","templated":true}]}}